{"id":39,"date":"2015-04-11T17:44:49","date_gmt":"2015-04-11T15:44:49","guid":{"rendered":"http:\/\/wp.cheerleader-haan.de\/?page_id=39"},"modified":"2025-06-06T21:47:14","modified_gmt":"2025-06-06T19:47:14","slug":"cool-blue","status":"publish","type":"page","link":"https:\/\/www.cheerleader-haan.de\/?page_id=39","title":{"rendered":"Cool Blue"},"content":{"rendered":"<p>Cool Blue ist das Junior Danceteam des Haaner Turnverein 1863 e.V. und wurde am 09. August 1999 in Haan gegr\u00fcndet. Sie sind das \u00e4lteste Mitglied der Cool Company Cheerleader und geh\u00f6ren zu den erfolgreichsten Junior Danceteams Deutschlands.<\/p>\n<p>Die M\u00e4dels im Alter zwischen 11 und 15 Jahren trainieren 2x w\u00f6chentlich f\u00fcr abwechslungsreiche Auftrittsshows und Meisterschaften. Mit ausgiebigem Grundlagen- Choreographie-, Tanztechnik- und Ausdauertraining werden die T\u00e4nzerinnen optimal f\u00fcr bevorstehende Wettk\u00e4mpfe und auch Auftritte vorbereitet. Ehrgeiz und Disziplin zahlt sich bei uns aus, so konnte Cool Blue j\u00fcngst im CCVD (Cheerleading und Cheerdance Verband Deutschland) seit 2022 schon zum 2. Mal in Folge den hei\u00df begehrten Titel des Deutschen Meisters in die Gartenstadt Haan holen.<\/p>\n<p>Neben erfolgreichen nationalen und internationen Wettk\u00e4mpfen sind die jungen T\u00e4nzerinnen auch regelm\u00e4\u00dfig auf zahlreichen Events und Pr\u00e4sentationen in und um ihre Heimatstadt Haan vertreten. Ob bei Firmen- oder Sportevents, Hochzeiten, Geburtstagsfeierlichkeiten oder Stadtfesten, unsere Juniors\u00a0bieten f\u00fcr jede Veranstaltung ein abwechslungsreiches Rahmenprogramm.<\/p>\n<p>Trainiert werden die derzeit rund 25 M\u00e4dels von Jessica Joppig und Leonie Richter. Beide erfahrene Trainerinnen und langj\u00e4hrige T\u00e4nzerinnen im Bereich Performance Cheer.<\/p>\n<p>Nat\u00fcrlich sind wir immer auf der Suche nach\u00a0t\u00e4nzerischem Nachwuchs!<br \/>\nF\u00fcr die kommende Saison suchen wir noch talentierte junge Damen der Jahrg\u00e4nge 2011 &#8211; 2014, die gerne Tanzen und Spa\u00df an einem anspruchsvollen Teamsport haben. Wenn Du also gerne mal bei uns rein schnuppern m\u00f6chtest, melde Dich einfach \u00fcber unser Kontaktformular zu einem Probetraining an.<\/p>\n<p>Wir freuen uns auf Dich!<\/p>\n","protected":false},"excerpt":{"rendered":"<p>Cool Blue ist das Junior Danceteam des Haaner Turnverein 1863 e.V. und wurde am 09. August 1999 in Haan gegr\u00fcndet. Sie sind das \u00e4lteste Mitglied der Cool Company Cheerleader und geh\u00f6ren zu den erfolgreichsten Junior Danceteams Deutschlands. Die M\u00e4dels im &hellip; <a href=\"https:\/\/www.cheerleader-haan.de\/?page_id=39\">Weiterlesen <span class=\"meta-nav\">&rarr;<\/span><\/a><\/p>\n","protected":false},"author":2,"featured_media":0,"parent":0,"menu_order":2,"comment_status":"closed","ping_status":"closed","template":"","meta":[],"_links":{"self":[{"href":"https:\/\/www.cheerleader-haan.de\/index.php?rest_route=\/wp\/v2\/pages\/39"}],"collection":[{"href":"https:\/\/www.cheerleader-haan.de\/index.php?rest_route=\/wp\/v2\/pages"}],"about":[{"href":"https:\/\/www.cheerleader-haan.de\/index.php?rest_route=\/wp\/v2\/types\/page"}],"author":[{"embeddable":true,"href":"https:\/\/www.cheerleader-haan.de\/index.php?rest_route=\/wp\/v2\/users\/2"}],"replies":[{"embeddable":true,"href":"https:\/\/www.cheerleader-haan.de\/index.php?rest_route=%2Fwp%2Fv2%2Fcomments&post=39"}],"version-history":[{"count":27,"href":"https:\/\/www.cheerleader-haan.de\/index.php?rest_route=\/wp\/v2\/pages\/39\/revisions"}],"predecessor-version":[{"id":486,"href":"https:\/\/www.cheerleader-haan.de\/index.php?rest_route=\/wp\/v2\/pages\/39\/revisions\/486"}],"wp:attachment":[{"href":"https:\/\/www.cheerleader-haan.de\/index.php?rest_route=%2Fwp%2Fv2%2Fmedia&parent=39"}],"curies":[{"name":"wp","href":"https:\/\/api.w.org\/{rel}","templated":true}]}}